{"id":283,"date":"2026-02-21T21:43:32","date_gmt":"2026-02-21T21:43:32","guid":{"rendered":"https:\/\/respa-project.eu\/?page_id=283"},"modified":"2026-03-16T22:27:00","modified_gmt":"2026-03-16T22:27:00","slug":"home","status":"publish","type":"page","link":"https:\/\/respa-project.eu\/sv\/","title":{"rendered":"Hem"},"content":{"rendered":"Erasmus+ Project 2025\u20132028\n<h1 class=\"translation-block\">ResPa<br>Consumers\u2019 role in responsible packaging<\/h1>\n<strong>att st\u00e4rka innovationsf\u00f6rm\u00e5gan f\u00f6r cirkul\u00e4r ekonomi i f\u00f6rpackningarnas v\u00e4rdekedja<\/strong><br>\nERASMUS-EDU-2025-PI-ALL-INNO-EDU-ENTERP<br>Proposal ID 101244066<br>Period: 1 december 2025 \u2013 30 november 2028\n\n\n\n\n\n\n\n<h1>\u00d6vergripande m\u00e5l<\/h1>\n<h4 class=\"translation-block\">Parantaa pakkausmateriaalien kiertotaloutta ja kest\u00e4vyytt\u00e4.<br>\u2022\tEdist\u00e4\u00e4 innovaatioita ja kapasiteetinvahvistamista monialaisen yhteisty\u00f6n kautta.<\/h4>\n\n\n\n\n\n<h1>\u00d6vergripande syfte<\/h1>\n<h4>Parantaa yritysten innovaatio-osaamista ja vihre\u00e4\u00e4 osaamista pakkausalan arvoketjussa. Korostaa kuluttajan roolia kiertotaloudessa<\/h4>\n\n\n\n\n<h1>Kontext och behov<\/h1>\n\n\n<h3> F\u00f6rb\u00e4ttra f\u00f6rpackningsmaterialens cirkularitet.<br><br><\/h3>\n\n\n\n<h3> Minska \u00f6verf\u00f6rpackning och f\u00f6rpackningsavfall <br><br><\/h3>\n\n\n\n<h3> Anpassa till lokala, regionala och EU-m\u00e5l f\u00f6r \u00e5teranv\u00e4ndning och \u00e5tervinningsbarhet.<\/h3>\n\n\n\n\n\n\n\n<h1>Huvudteman<\/h1>\n\n\n<h3> \u00c5tervinningsbara och \u00e5teranv\u00e4ndbara konsumentf\u00f6rpackningar. <\/h3>\n\n\n\n<h3> Konsumentbeteende (i butik och hemmet) <\/h3>\n\n\n\n<h3> Konsumenters roll i f\u00f6rpackningsv\u00e4rdekedjan. <\/h3>\n\n\n\n<h3> Utveckling av aff\u00e4rsmodeller och strategier f\u00f6r cirkul\u00e4r ekonomi. <\/h3>\n\n\n\n\n\n\n\n<h1>Tillv\u00e4gag\u00e5ngss\u00e4tt <\/h1>\n\n\n<h3> Quadruple Helix-modellen<br><\/h3>\nBaserat p\u00e5 samarbete mellan industri, akademi, myndigheter och konsumenter.\n\n\n\n<h3> Innovation och kapacitetsuppbyggnad <\/h3>\n\u00d6ka konsumenternas engagemang genom innovation och kompetensutvecklande aktiviteter.\n\n\n\n<h3> Living Lab-metodiken&nbsp;<\/h3>\nAnv\u00e4nd Living Lab-metodiken f\u00f6r samarbete mellan intressenter.\n\n\n\n\n\n\n\n\n<h1>F\u00f6rv\u00e4ntade resultat <\/h1>\n\n\n\n<h3> Kunskapsdelning<\/h3>\nF\u00f6rb\u00e4ttrat kunskapsutbyte och kommunikation genom hela v\u00e4rdekedjan.\n\n\n\n<h3> CE-aff\u00e4rsmodeller <\/h3>\nUtveckling av nya aff\u00e4rsmodeller i samarbete med h\u00f6gre utbildning och yrkesutbildning.&nbsp;\n\n\n\n<h3> Utbildningsramverk<\/h3>\nSkapande av utbildningsinneh\u00e5ll och metoder f\u00f6r en nya utbildningar.&nbsp;\n\n\n\n\n\n\n<h3> Mikro-meriter<\/h3>\nImplementation of <strong>micro-credentials<\/strong> (5 digital open badges) to build green skills.&nbsp;\n\n\n\n<h3> Living Labs <\/h3>\nImplementering av nya Living Labs-metoder.\n\n\n\n\n\n\n\n<h1>M\u00e5lgrupper <\/h1>\n\n\n<h3>.1&nbsp;<\/h3>\n<h3><strong>Potentiella studenter<\/strong><\/h3>\n<strong><\/strong>F\u00f6r utbildningsprogrammet, t.ex. yrkesverksamma och blivande yrkesverksamma fr\u00e5n plastf\u00f6retag\n\n\n<h3>.2<\/h3>\n<h3>Industrirelaterad sektorer<\/h3>\n<div>Sm\u00e5 och medelstora f\u00f6retag, f\u00f6retag fr\u00e5n plast- och f\u00f6rpackningsindustrin, f\u00f6reningar och kluster som arbetar inom f\u00f6r\u00e4dlingsindustrin<\/div>\n\n\n<h3>.3<\/h3>\n<h3>Konsumenter<\/h3>\nOfentlig och privat sektor (inklusive studenter)\n\n\n\n\n\n<h3>.4<\/h3>\n<h3>H\u00f6gskolor och yrkesutbildningscenter<\/h3>\nAkademisk personal, l\u00e4rare, utbildare, n\u00e4tverk av yrkesutbildningscenter, workshopledare\n\n\n<h3>.5&nbsp;<\/h3>\n<h3>Offentliga myndigheter med ansvar f\u00f6r h\u00f6gskole- och yrkesutbildning<\/h3>\n\n\n<h3>.6&nbsp;<\/h3>\n<h3>Beslutsfattare<\/h3>\nOch regionala myndigheter","protected":false},"excerpt":{"rendered":"","protected":false},"author":1,"featured_media":0,"parent":0,"menu_order":0,"comment_status":"closed","ping_status":"closed","template":"","meta":{"pagelayer_contact_templates":[],"_pagelayer_content":"","_uag_custom_page_level_css":"","site-sidebar-layout":"default","site-content-layout":"","ast-site-content-layout":"default","site-content-style":"default","site-sidebar-style":"default","ast-global-header-display":"","ast-banner-title-visibility":"","ast-main-header-display":"","ast-hfb-above-header-display":"","ast-hfb-below-header-display":"","ast-hfb-mobile-header-display":"","site-post-title":"disabled","ast-breadcrumbs-content":"","ast-featured-img":"","footer-sml-layout":"","ast-disable-related-posts":"","theme-transparent-header-meta":"","adv-header-id-meta":"","stick-header-meta":"","header-above-stick-meta":"","header-main-stick-meta":"","header-below-stick-meta":"","astra-migrate-meta-layouts":"default","ast-page-background-enabled":"default","ast-page-background-meta":{"desktop":{"background-color":"var(--ast-global-color-4)","background-image":"","background-repeat":"repeat","background-position":"center center","background-size":"auto","background-attachment":"scroll","background-type":"","background-media":"","overlay-type":"","overlay-color":"","overlay-opacity":"","overlay-gradient":""},"tablet":{"background-color":"","background-image":"","background-repeat":"repeat","background-position":"center center","background-size":"auto","background-attachment":"scroll","background-type":"","background-media":"","overlay-type":"","overlay-color":"","overlay-opacity":"","overlay-gradient":""},"mobile":{"background-color":"","background-image":"","background-repeat":"repeat","background-position":"center center","background-size":"auto","background-attachment":"scroll","background-type":"","background-media":"","overlay-type":"","overlay-color":"","overlay-opacity":"","overlay-gradient":""}},"ast-content-background-meta":{"desktop":{"background-color":"var(--ast-global-color-5)","background-image":"","background-repeat":"repeat","background-position":"center center","background-size":"auto","background-attachment":"scroll","background-type":"","background-media":"","overlay-type":"","overlay-color":"","overlay-opacity":"","overlay-gradient":""},"tablet":{"background-color":"var(--ast-global-color-5)","background-image":"","background-repeat":"repeat","background-position":"center center","background-size":"auto","background-attachment":"scroll","background-type":"","background-media":"","overlay-type":"","overlay-color":"","overlay-opacity":"","overlay-gradient":""},"mobile":{"background-color":"var(--ast-global-color-5)","background-image":"","background-repeat":"repeat","background-position":"center center","background-size":"auto","background-attachment":"scroll","background-type":"","background-media":"","overlay-type":"","overlay-color":"","overlay-opacity":"","overlay-gradient":""}},"footnotes":""},"class_list":["post-283","page","type-page","status-publish","hentry"],"uagb_featured_image_src":{"full":false,"thumbnail":false,"medium":false,"medium_large":false,"large":false,"1536x1536":false,"2048x2048":false,"trp-custom-language-flag":false},"uagb_author_info":{"display_name":"linelab","author_link":"https:\/\/respa-project.eu\/sv\/author\/linelab\/"},"uagb_comment_info":0,"uagb_excerpt":null,"_links":{"self":[{"href":"https:\/\/respa-project.eu\/sv\/wp-json\/wp\/v2\/pages\/283","targetHints":{"allow":["GET"]}}],"collection":[{"href":"https:\/\/respa-project.eu\/sv\/wp-json\/wp\/v2\/pages"}],"about":[{"href":"https:\/\/respa-project.eu\/sv\/wp-json\/wp\/v2\/types\/page"}],"author":[{"embeddable":true,"href":"https:\/\/respa-project.eu\/sv\/wp-json\/wp\/v2\/users\/1"}],"replies":[{"embeddable":true,"href":"https:\/\/respa-project.eu\/sv\/wp-json\/wp\/v2\/comments?post=283"}],"version-history":[{"count":91,"href":"https:\/\/respa-project.eu\/sv\/wp-json\/wp\/v2\/pages\/283\/revisions"}],"predecessor-version":[{"id":731,"href":"https:\/\/respa-project.eu\/sv\/wp-json\/wp\/v2\/pages\/283\/revisions\/731"}],"wp:attachment":[{"href":"https:\/\/respa-project.eu\/sv\/wp-json\/wp\/v2\/media?parent=283"}],"curies":[{"name":"wp","href":"https:\/\/api.w.org\/{rel}","templated":true}]}}