{"id":283,"date":"2026-02-21T21:43:32","date_gmt":"2026-02-21T21:43:32","guid":{"rendered":"https:\/\/respa-project.eu\/?page_id=283"},"modified":"2026-03-16T22:27:00","modified_gmt":"2026-03-16T22:27:00","slug":"home","status":"publish","type":"page","link":"https:\/\/respa-project.eu\/fi\/","title":{"rendered":"Etusivu"},"content":{"rendered":"Erasmus+ Project 2025\u20132028\n<h1 class=\"translation-block\">ResPa<br>\nKuluttajien rooli vastuullisissa pakkausratkaisuissa<\/h1>\n<strong>Kiertotalouden innovaatiokyvykkyyksien parantaminen pakkausalan arvoketjussa<\/strong><br>\nERASMUS-EDU-2025-PI-ALL-INNO-EDU-ENTERP<br>Proposal ID 101244066<br>1.12.2025 \u2013 30.11.2028\n\n\n\n\n\n\n\n<h1>T\u00e4rkein p\u00e4\u00e4m\u00e4\u00e4r\u00e4<\/h1>\n<h4 class=\"translation-block\">Parantaa yritysten innovaatio-osaamista ja vihre\u00e4\u00e4 osaamista pakkausalan arvoketjussa.<br>Edistet\u00e4\u00e4n innovaatioita ja kapasiteetin rakentamista monialaisilla l\u00e4hestymistavoilla.<\/h4>\n\n\n\n\n\n<h1>Projektin kokonaistavoitteet<\/h1>\n<h4>Parantaa yritysten innovaatio-osaamista ja vihre\u00e4\u00e4 osaamista pakkausalan arvoketjussa. Korostaa kuluttajan roolia kiertotaloudessa<\/h4>\n\n\n\n\n<h1>Tausta ja tarve<\/h1>\n\n\n<h3> Parantaa pakkausmateriaalien kiertoa<br><br><\/h3>\n\n\n\n<h3> V\u00e4hent\u00e4\u00e4 ylipakkaamista ja pakkausj\u00e4tett\u00e4 <br><br><\/h3>\n\n\n\n<h3> Tukea paikallisia, alueellisia ja EU-tason tavoitteita uudelleenk\u00e4ytett\u00e4vyydest\u00e4 ja kierr\u00e4tett\u00e4vyydest\u00e4<\/h3>\n\n\n\n\n\n\n\n<h1>P\u00e4\u00e4asialliset teemat<\/h1>\n\n\n<h3> Kierr\u00e4tett\u00e4v\u00e4t ja uudelleenk\u00e4ytett\u00e4v\u00e4t kuluttajapakkaukset <\/h3>\n\n\n\n<h3> Kuluttajak\u00e4ytt\u00e4ytyminen (kulutus ja k\u00e4yt\u00f6n j\u00e4lkeiset toimet) <\/h3>\n\n\n\n<h3> Kuluttajan rooli pakkausalan arvoketjussa <\/h3>\n\n\n\n<h3> Kiertotalouden liiketoimintamallien ja strategioiden kehitt\u00e4minen <\/h3>\n\n\n\n\n\n\n\n<h1>L\u00e4hestymistapa <\/h1>\n\n\n<h3> Quadruple Helix \u2013malli<br><\/h3>\nPerustuu Quadruple Helix -malliin (teollisuus, korkeakoulut, julkinen sektori, kuluttajat).\n\n\n\n<h3> Innovaatio- ja kapasiteetinvahvistus <\/h3>\nLis\u00e4t\u00e4\u00e4n kuluttajien osallistumista innovaatio- ja kapasiteetinvahvistustoiminnan kautta.\n\n\n\n<h3> Living lab -menetelm\u00e4&nbsp;<\/h3>\nK\u00e4ytet\u00e4\u00e4n living lab -menetelm\u00e4\u00e4 sidosryhmien yhteisty\u00f6h\u00f6n.\n\n\n\n\n\n\n\n\n<h1>Odotetut tulokset <\/h1>\n\n\n\n<h3> Tiedon jakaminen<\/h3>\nParantunut tiedonvaihto ja viestint\u00e4 arvoketjun toimijoiden v\u00e4lill\u00e4.\n\n\n\n<h3> CE-liiketoimintamallit <\/h3>\nUusien kiertotalouden liiketoimintamallien kehitt\u00e4minen yhteisty\u00f6ss\u00e4 korkeakoulutuksen ja ammatillisen koulutuksen kanssa&nbsp;\n\n\n\n<h3> Koulutuskehys<\/h3>\nUusien koulutussis\u00e4lt\u00f6jen ja menetelmien luominen.&nbsp;\n\n\n\n\n\n\n<h3> Mikrotodistukset<\/h3>\nImplementation of <strong>micro-credentials<\/strong> (5 digital open badges) to build green skills.&nbsp;\n\n\n\n<h3> Living Labs <\/h3>\nUusien living lab -menetelmien hy\u00f6dynt\u00e4minen.\n\n\n\n\n\n\n\n<h1>Kohderyhm\u00e4t <\/h1>\n\n\n<h3>.1&nbsp;<\/h3>\n<h3><strong>Potentiaaliset osallistujat koulutukseen<\/strong><\/h3>\n<strong><\/strong>Kuten muovi- ja pakkausalan nykyiset ja tulevat ammattilaiset\n\n\n<h3>.2<\/h3>\n<h3>Teollisuus<\/h3>\n<div>Pk-yritykset, muovi- ja pakkausalan yritykset, klusterit ja CE-alan toimijat<\/div>\n\n\n<h3>.3<\/h3>\n<h3>Kuluttajat<\/h3>\nYhteis\u00f6 (my\u00f6s opiskelijat) ja yksityinen sektori\n\n\n\n\n\n<h3>.4<\/h3>\n<h3>Korkeakoulut ja ammatilliset oppilaitokset<\/h3>\nOpettajat, kouluttajat, ammatilliset verkostot, ty\u00f6pajojen fasilitaattorit\n\n\n<h3>.5&nbsp;<\/h3>\n<h3>Julkiset viranomaiset, jotka vastaavat korkeakoulutuksesta ja ammatillisesta koulutuksesta<\/h3>\n\n\n<h3>.6&nbsp;<\/h3>\n<h3>P\u00e4\u00e4tt\u00e4j\u00e4t ja alueelliset hallinnot<\/h3>\nJotka suunnittelevat koulutus- ja kiertotalouspolitiikkaa","protected":false},"excerpt":{"rendered":"","protected":false},"author":1,"featured_media":0,"parent":0,"menu_order":0,"comment_status":"closed","ping_status":"closed","template":"","meta":{"pagelayer_contact_templates":[],"_pagelayer_content":"","_uag_custom_page_level_css":"","site-sidebar-layout":"default","site-content-layout":"","ast-site-content-layout":"default","site-content-style":"default","site-sidebar-style":"default","ast-global-header-display":"","ast-banner-title-visibility":"","ast-main-header-display":"","ast-hfb-above-header-display":"","ast-hfb-below-header-display":"","ast-hfb-mobile-header-display":"","site-post-title":"disabled","ast-breadcrumbs-content":"","ast-featured-img":"","footer-sml-layout":"","ast-disable-related-posts":"","theme-transparent-header-meta":"","adv-header-id-meta":"","stick-header-meta":"","header-above-stick-meta":"","header-main-stick-meta":"","header-below-stick-meta":"","astra-migrate-meta-layouts":"default","ast-page-background-enabled":"default","ast-page-background-meta":{"desktop":{"background-color":"var(--ast-global-color-4)","background-image":"","background-repeat":"repeat","background-position":"center center","background-size":"auto","background-attachment":"scroll","background-type":"","background-media":"","overlay-type":"","overlay-color":"","overlay-opacity":"","overlay-gradient":""},"tablet":{"background-color":"","background-image":"","background-repeat":"repeat","background-position":"center center","background-size":"auto","background-attachment":"scroll","background-type":"","background-media":"","overlay-type":"","overlay-color":"","overlay-opacity":"","overlay-gradient":""},"mobile":{"background-color":"","background-image":"","background-repeat":"repeat","background-position":"center center","background-size":"auto","background-attachment":"scroll","background-type":"","background-media":"","overlay-type":"","overlay-color":"","overlay-opacity":"","overlay-gradient":""}},"ast-content-background-meta":{"desktop":{"background-color":"var(--ast-global-color-5)","background-image":"","background-repeat":"repeat","background-position":"center center","background-size":"auto","background-attachment":"scroll","background-type":"","background-media":"","overlay-type":"","overlay-color":"","overlay-opacity":"","overlay-gradient":""},"tablet":{"background-color":"var(--ast-global-color-5)","background-image":"","background-repeat":"repeat","background-position":"center center","background-size":"auto","background-attachment":"scroll","background-type":"","background-media":"","overlay-type":"","overlay-color":"","overlay-opacity":"","overlay-gradient":""},"mobile":{"background-color":"var(--ast-global-color-5)","background-image":"","background-repeat":"repeat","background-position":"center center","background-size":"auto","background-attachment":"scroll","background-type":"","background-media":"","overlay-type":"","overlay-color":"","overlay-opacity":"","overlay-gradient":""}},"footnotes":""},"class_list":["post-283","page","type-page","status-publish","hentry"],"uagb_featured_image_src":{"full":false,"thumbnail":false,"medium":false,"medium_large":false,"large":false,"1536x1536":false,"2048x2048":false,"trp-custom-language-flag":false},"uagb_author_info":{"display_name":"linelab","author_link":"https:\/\/respa-project.eu\/fi\/author\/linelab\/"},"uagb_comment_info":0,"uagb_excerpt":null,"_links":{"self":[{"href":"https:\/\/respa-project.eu\/fi\/wp-json\/wp\/v2\/pages\/283","targetHints":{"allow":["GET"]}}],"collection":[{"href":"https:\/\/respa-project.eu\/fi\/wp-json\/wp\/v2\/pages"}],"about":[{"href":"https:\/\/respa-project.eu\/fi\/wp-json\/wp\/v2\/types\/page"}],"author":[{"embeddable":true,"href":"https:\/\/respa-project.eu\/fi\/wp-json\/wp\/v2\/users\/1"}],"replies":[{"embeddable":true,"href":"https:\/\/respa-project.eu\/fi\/wp-json\/wp\/v2\/comments?post=283"}],"version-history":[{"count":91,"href":"https:\/\/respa-project.eu\/fi\/wp-json\/wp\/v2\/pages\/283\/revisions"}],"predecessor-version":[{"id":731,"href":"https:\/\/respa-project.eu\/fi\/wp-json\/wp\/v2\/pages\/283\/revisions\/731"}],"wp:attachment":[{"href":"https:\/\/respa-project.eu\/fi\/wp-json\/wp\/v2\/media?parent=283"}],"curies":[{"name":"wp","href":"https:\/\/api.w.org\/{rel}","templated":true}]}}