{"id":283,"date":"2026-02-21T21:43:32","date_gmt":"2026-02-21T21:43:32","guid":{"rendered":"https:\/\/respa-project.eu\/?page_id=283"},"modified":"2026-03-16T22:27:00","modified_gmt":"2026-03-16T22:27:00","slug":"home","status":"publish","type":"page","link":"https:\/\/respa-project.eu\/de\/","title":{"rendered":"Startseite"},"content":{"rendered":"Erasmus+ Project 2025\u20132028\n<h1 class=\"translation-block\">ResPa<br>Consumers\u2019 role in responsible packaging<\/h1>\n<strong>Improving circular economy innovation capacities in packaging value chain.<\/strong><br>\nERASMUS-EDU-2025-PI-ALL-INNO-EDU-ENTERP<br>Proposal ID 101244066<br>Period: December 1st, 2025 \u2013 November 30th, 2028\n\n\n\n\n\n\n\n<h1>Gesamtziel<\/h1>\n<h4 class=\"translation-block\">Die Kreislaufwirtschaft und Nachhaltigkeit von Verpackungsmaterialien verbessern. <br>Innovation und Kapazit\u00e4tsaufbau durch interdisziplin\u00e4re Ans\u00e4tze f\u00f6rdern.<\/h4>\n\n\n\n\n\n<h1>Allgemeiner Zweck<\/h1>\n<h4>Die Innovations- und Umweltkompetenzen von Unternehmen in der Verpackungswertsch\u00f6pfungskette st\u00e4rken. Die Rolle der Verbraucher in der Kreislaufwirtschaft hervorheben.<\/h4>\n\n\n\n\n<h1>Kontext und Bedarf<\/h1>\n\n\n<h3> Verbesserung der Kreislaufwirtschaft von Verpackungsmaterialien<br><br><\/h3>\n\n\n\n<h3> Reduzierung von \u00dcberverpackung und von Verpackungsabf\u00e4llen <br><br><\/h3>\n\n\n\n<h3> Anpassung an lokale, regionale und europ\u00e4ische Ziele f\u00fcr Wiederverwendung und Recyclingf\u00e4higkeit<\/h3>\n\n\n\n\n\n\n\n<h1>Hauptthemen<\/h1>\n\n\n<h3> Recyclebare und wiederverwendbare Verbraucherverpackungen <\/h3>\n\n\n\n<h3> Verbraucherverhalten (Konsum und bei Anwendung, Gebrauch und Entsorgung) <\/h3>\n\n\n\n<h3> Die Rolle des Verbrauchers in der Verpackungswertsch\u00f6pfungskette <\/h3>\n\n\n\n<h3> Entwicklung von Gesch\u00e4ftsmodellen und Strategien f\u00fcr die Kreislaufwirtschaft (CE) <\/h3>\n\n\n\n\n\n\n\n<h1>Ansatz <\/h1>\n\n\n<h3> Vierfach-Helix-Modell<br><\/h3>\nAuf der Grundlage einer Zusammenarbeit zwischen Industrie, Wissenschaft, Regierung und Verbrauchern.\n\n\n\n<h3> Innovation und Kapazit\u00e4tsaufbau <\/h3>\nSteigerung der Verbraucherbeteiligung durch Innovations- und Kapazit\u00e4tsaufbauaktivit\u00e4ten\n\n\n\n<h3> Living-Lab-Methodik&nbsp;<\/h3>\nEinsatz der Living-Lab-Methodik f\u00fcr die Zusammenarbeit der Interessengruppen\n\n\n\n\n\n\n\n\n<h1>Erwartete Resultate <\/h1>\n\n\n\n<h3> Wissensaustausch<\/h3>\nVerbesserter Wissensaustausch und Kommunikation entlang der gesamten Wertsch\u00f6pfungskette\n\n\n\n<h3> CE-Gesch\u00e4ftsmodelle <\/h3>\nEntwicklung neuer CE-Gesch\u00e4ftsmodelle in Zusammenarbeit mit Hochschulen und Berufsbildungseinrichtungen&nbsp;\n\n\n\n<h3> Ausbildungsrahmen<\/h3>\nErstellung von Bildungsinhalten und Methoden f\u00fcr einen neuen Ausbildungskurs&nbsp;\n\n\n\n\n\n\n<h3> Mikrozertifikate<\/h3>\nImplementation of <strong>micro-credentials<\/strong> (5 digital open badges) to build green skills.&nbsp;\n\n\n\n<h3> Living Labs <\/h3>\nEinf\u00fchrung einer neuen Living-Labs-Methodik\n\n\n\n\n\n\n\n<h1>Zielgruppen <\/h1>\n\n\n<h3>.1&nbsp;<\/h3>\n<h3><strong>Potenzielle Studierende<\/strong><\/h3>\n<strong><\/strong>des Ausbildungsprogramms, z. B. Fachkr\u00e4fte und angehende Fachkr\u00e4fte aus Kunststoffunternehmen und Lebensmittelfirmen\n\n\n<h3>.2<\/h3>\n<h3>Branchenbezogener Sektor<\/h3>\n<div>KMU und Unternehmen aus der Kunststoff- und Verpackungsindustrie, Verb\u00e4nde und Cluster von Unternehmen, die im Bereich Kreislaufwirtschaft t\u00e4tig sind<\/div>\n\n\n<h3>.3<\/h3>\n<h3>Verbraucher<\/h3>\ndie Gemeinschaft (einschlie\u00dflich Studierende) und der Privatsektor\n\n\n\n\n\n<h3>.4<\/h3>\n<h3>Hochschulen und Berufsbildungszentren<\/h3>\nWissenschaftliches Personal, Lehrkr\u00e4fte, Ausbilder, Netzwerk von Berufsbildungszentren, Moderatoren von Workshops\n\n\n<h3>.5&nbsp;<\/h3>\n<h3>F\u00fcr Hochschul- und Berufsbildung zust\u00e4ndige Beh\u00f6rden<\/h3>\n\n\n<h3>.6&nbsp;<\/h3>\n<h3>politische Entscheidungstr\u00e4ger<\/h3>\nund regionale Regierungen, die Bildungs- und Kreislaufwirtschaftspolitik gestalten","protected":false},"excerpt":{"rendered":"","protected":false},"author":1,"featured_media":0,"parent":0,"menu_order":0,"comment_status":"closed","ping_status":"closed","template":"","meta":{"pagelayer_contact_templates":[],"_pagelayer_content":"","_uag_custom_page_level_css":"","site-sidebar-layout":"default","site-content-layout":"","ast-site-content-layout":"default","site-content-style":"default","site-sidebar-style":"default","ast-global-header-display":"","ast-banner-title-visibility":"","ast-main-header-display":"","ast-hfb-above-header-display":"","ast-hfb-below-header-display":"","ast-hfb-mobile-header-display":"","site-post-title":"disabled","ast-breadcrumbs-content":"","ast-featured-img":"","footer-sml-layout":"","ast-disable-related-posts":"","theme-transparent-header-meta":"","adv-header-id-meta":"","stick-header-meta":"","header-above-stick-meta":"","header-main-stick-meta":"","header-below-stick-meta":"","astra-migrate-meta-layouts":"default","ast-page-background-enabled":"default","ast-page-background-meta":{"desktop":{"background-color":"var(--ast-global-color-4)","background-image":"","background-repeat":"repeat","background-position":"center center","background-size":"auto","background-attachment":"scroll","background-type":"","background-media":"","overlay-type":"","overlay-color":"","overlay-opacity":"","overlay-gradient":""},"tablet":{"background-color":"","background-image":"","background-repeat":"repeat","background-position":"center center","background-size":"auto","background-attachment":"scroll","background-type":"","background-media":"","overlay-type":"","overlay-color":"","overlay-opacity":"","overlay-gradient":""},"mobile":{"background-color":"","background-image":"","background-repeat":"repeat","background-position":"center center","background-size":"auto","background-attachment":"scroll","background-type":"","background-media":"","overlay-type":"","overlay-color":"","overlay-opacity":"","overlay-gradient":""}},"ast-content-background-meta":{"desktop":{"background-color":"var(--ast-global-color-5)","background-image":"","background-repeat":"repeat","background-position":"center center","background-size":"auto","background-attachment":"scroll","background-type":"","background-media":"","overlay-type":"","overlay-color":"","overlay-opacity":"","overlay-gradient":""},"tablet":{"background-color":"var(--ast-global-color-5)","background-image":"","background-repeat":"repeat","background-position":"center center","background-size":"auto","background-attachment":"scroll","background-type":"","background-media":"","overlay-type":"","overlay-color":"","overlay-opacity":"","overlay-gradient":""},"mobile":{"background-color":"var(--ast-global-color-5)","background-image":"","background-repeat":"repeat","background-position":"center center","background-size":"auto","background-attachment":"scroll","background-type":"","background-media":"","overlay-type":"","overlay-color":"","overlay-opacity":"","overlay-gradient":""}},"footnotes":""},"class_list":["post-283","page","type-page","status-publish","hentry"],"uagb_featured_image_src":{"full":false,"thumbnail":false,"medium":false,"medium_large":false,"large":false,"1536x1536":false,"2048x2048":false,"trp-custom-language-flag":false},"uagb_author_info":{"display_name":"linelab","author_link":"https:\/\/respa-project.eu\/de\/author\/linelab\/"},"uagb_comment_info":0,"uagb_excerpt":null,"_links":{"self":[{"href":"https:\/\/respa-project.eu\/de\/wp-json\/wp\/v2\/pages\/283","targetHints":{"allow":["GET"]}}],"collection":[{"href":"https:\/\/respa-project.eu\/de\/wp-json\/wp\/v2\/pages"}],"about":[{"href":"https:\/\/respa-project.eu\/de\/wp-json\/wp\/v2\/types\/page"}],"author":[{"embeddable":true,"href":"https:\/\/respa-project.eu\/de\/wp-json\/wp\/v2\/users\/1"}],"replies":[{"embeddable":true,"href":"https:\/\/respa-project.eu\/de\/wp-json\/wp\/v2\/comments?post=283"}],"version-history":[{"count":91,"href":"https:\/\/respa-project.eu\/de\/wp-json\/wp\/v2\/pages\/283\/revisions"}],"predecessor-version":[{"id":731,"href":"https:\/\/respa-project.eu\/de\/wp-json\/wp\/v2\/pages\/283\/revisions\/731"}],"wp:attachment":[{"href":"https:\/\/respa-project.eu\/de\/wp-json\/wp\/v2\/media?parent=283"}],"curies":[{"name":"wp","href":"https:\/\/api.w.org\/{rel}","templated":true}]}}